{"id":492,"date":"2018-07-23T10:35:53","date_gmt":"2018-07-23T10:35:53","guid":{"rendered":"https:\/\/hotelglow.al\/index.php\/bar-restorant\/"},"modified":"2019-01-11T09:05:52","modified_gmt":"2019-01-11T09:05:52","slug":"bar-restaurant","status":"publish","type":"page","link":"https:\/\/hotelglow.al\/index.php\/bar-restaurant\/?lang=sq","title":{"rendered":"Bar"},"content":{"rendered":"<div class=\"wpb-content-wrapper\"><p>[vc_row full_width=&#8221;stretch_row_content_no_spaces&#8221; css=&#8221;.vc_custom_1532342966725{margin-top: -70px !important;background-color: #f2f2f2 !important;}&#8221;][vc_column width=&#8221;1\/2&#8243; css=&#8221;.vc_custom_1532343006422{background-image: url(https:\/\/hotelglow.al\/wp-content\/uploads\/2018\/07\/bar.jpg?id=392) !important;}&#8221; offset=&#8221;vc_hidden-xs&#8221;][vc_empty_space height=&#8221;550px&#8221;][\/vc_column][vc_column width=&#8221;1\/2&#8243; css=&#8221;.vc_custom_1532343010251{margin-left: 70px !important;}&#8221; offset=&#8221;vc_hidden-xs&#8221;][vc_empty_space height=&#8221;40px&#8221;][vc_column_text]<span style=\"color: #dbca2c; font-size: 20px;\">01<\/span><\/p>\n<p><span style=\"color: #666262; font-size: 18px;\">RELAKS DHE SHIJE<\/span>[\/vc_column_text][vc_empty_space height=&#8221;40px&#8221;][vc_custom_heading text=&#8221;Bar&#8221; font_container=&#8221;tag:h2|font_size:38px|text_align:left&#8221; google_fonts=&#8221;font_family:Libre%20Baskerville%3Aregular%2Citalic%2C700|font_style:700%20bold%20regular%3A700%3Anormal&#8221;][vc_row_inner][vc_column_inner width=&#8221;1\/2&#8243;][vc_column_text]<\/p>\n<p style=\"text-align: justify;\">N\u00eb ambjentet e Hotel Glow do t\u00eb keni mundesi t\u00eb gjeni edhe barin, p\u00ebr t\u00eb shijuar nj\u00eb pije me miqt\u00eb apo familjar\u00ebt tuaj. Shum\u00ebllojshm\u00ebri zgjedhjeje, sh\u00ebrbim i shpejt\u00eb dhe nj\u00eb ambjent relaksues p\u00ebr pushime t\u00eb qeta. Jemi p\u00ebrher\u00eb n\u00eb dispozicion, p\u00ebr t\u00eb kompletuar q\u00ebndrimin tuaj.<\/p>\n<p>[\/vc_column_text][\/vc_column_inner][vc_column_inner width=&#8221;1\/2&#8243;][\/vc_column_inner][\/vc_row_inner][\/vc_column][\/vc_row][vc_row full_width=&#8221;stretch_row_content_no_spaces&#8221; css=&#8221;.vc_custom_1532343055986{background-color: #f2f2f2 !important;}&#8221;][vc_column width=&#8221;1\/2&#8243; css=&#8221;.vc_custom_1532343018862{background-image: url(https:\/\/hotelglow.al\/wp-content\/uploads\/2018\/07\/bar.jpg?id=392) !important;}&#8221; offset=&#8221;vc_hidden-lg vc_hidden-md vc_hidden-sm&#8221;][vc_empty_space height=&#8221;550px&#8221;][\/vc_column][vc_column width=&#8221;1\/2&#8243; offset=&#8221;vc_hidden-lg vc_hidden-md vc_hidden-sm&#8221; css=&#8221;.vc_custom_1532343126388{padding-right: 10px !important;padding-left: 10px !important;}&#8221;][vc_empty_space height=&#8221;40px&#8221;][vc_column_text]<span style=\"color: #dbca2c; font-size: 20px;\">01<\/span><\/p>\n<p><span style=\"color: #666262; font-size: 18px;\">RELAKS DHE SHIJE<\/span>[\/vc_column_text][vc_empty_space height=&#8221;40px&#8221;][vc_custom_heading text=&#8221;Bar&#8221; font_container=&#8221;tag:h2|font_size:38px|text_align:left&#8221; google_fonts=&#8221;font_family:Libre%20Baskerville%3Aregular%2Citalic%2C700|font_style:700%20bold%20regular%3A700%3Anormal&#8221;][vc_row_inner][vc_column_inner][vc_column_text]<\/p>\n<p style=\"text-align: justify;\">N\u00eb ambjentet e Hotel Glow do t\u00eb keni mundesi t\u00eb gjeni edhe barin, p\u00ebr t\u00eb shijuar nj\u00eb pije me miqt\u00eb apo familjar\u00ebt tuaj. Shum\u00ebllojshm\u00ebri zgjedhjeje, sh\u00ebrbim i shpejt\u00eb dhe nj\u00eb ambjent relaksues p\u00ebr pushime t\u00eb qeta. Jemi p\u00ebrher\u00eb n\u00eb dispozicion, p\u00ebr t\u00eb kompletuar q\u00ebndrimin tuaj.<\/p>\n<p>[\/vc_column_text][\/vc_column_inner][\/vc_row_inner][\/vc_column][\/vc_row][vc_row full_width=&#8221;stretch_row_content_no_spaces&#8221; css=&#8221;.vc_custom_1547197418551{margin-bottom: -70px !important;background-color: #f2f2f2 !important;}&#8221;][vc_column width=&#8221;1\/2&#8243; css=&#8221;.vc_custom_1532343147521{margin-left: 100px !important;}&#8221; offset=&#8221;vc_hidden-xs&#8221;][vc_empty_space height=&#8221;40px&#8221;][vc_column_text]<span style=\"color: #dbca2c; font-size: 20px;\">03<\/span><\/p>\n<p><span style=\"color: #666262; font-size: 18px;\">AMBJENT SHLODH\u00cbS<\/span>[\/vc_column_text][vc_empty_space height=&#8221;40px&#8221;][vc_custom_heading text=&#8221;Veranda&#8221; font_container=&#8221;tag:h2|font_size:38px|text_align:left&#8221; google_fonts=&#8221;font_family:Libre%20Baskerville%3Aregular%2Citalic%2C700|font_style:700%20bold%20regular%3A700%3Anormal&#8221;][vc_row_inner][vc_column_inner width=&#8221;1\/2&#8243;][vc_column_text]<\/p>\n<p style=\"text-align: justify;\">Por nuk mjaftohemi me kaq. N\u00eb hotel ju mir\u00ebpret edhe nj\u00eb ambjent tjet\u00ebr akoma edhe m\u00eb shlodh\u00ebs. N\u00eb verand\u00eb do t\u00eb mund t\u00eb pushoni dhe kaloni nj\u00eb pasdite t\u00eb k\u00ebndshme me famljar\u00ebt apo miqt\u00eb tuaj, n\u00ebn ajrin e fresk\u00ebt dhe qet\u00ebsin\u00eb q\u00eb ju fal natyra.<\/p>\n<p>[\/vc_column_text][\/vc_column_inner][vc_column_inner width=&#8221;1\/2&#8243;][\/vc_column_inner][\/vc_row_inner][\/vc_column][vc_column width=&#8221;1\/2&#8243; css=&#8221;.vc_custom_1547197390636{background-image: url(https:\/\/hotelglow.al\/wp-content\/uploads\/2018\/07\/veranda.jpg?id=757) !important;}&#8221; offset=&#8221;vc_hidden-xs&#8221;][vc_empty_space height=&#8221;550px&#8221;][\/vc_column][\/vc_row][vc_row full_width=&#8221;stretch_row_content_no_spaces&#8221; css=&#8221;.vc_custom_1532341049352{background-color: #f2f2f2 !important;}&#8221;][vc_column width=&#8221;1\/2&#8243; css=&#8221;.vc_custom_1547197408864{background-image: url(https:\/\/hotelglow.al\/wp-content\/uploads\/2018\/07\/veranda.jpg?id=757) !important;}&#8221; offset=&#8221;vc_hidden-lg vc_hidden-md vc_hidden-sm&#8221;][vc_empty_space height=&#8221;550px&#8221;][\/vc_column][vc_column width=&#8221;1\/2&#8243; css=&#8221;.vc_custom_1532343179851{padding-right: 10px !important;padding-left: 10px !important;}&#8221; offset=&#8221;vc_hidden-lg vc_hidden-md vc_hidden-sm&#8221;][vc_empty_space height=&#8221;40px&#8221;][vc_column_text]<span style=\"color: #dbca2c; font-size: 20px;\">03<\/span><\/p>\n<p><span style=\"color: #666262; font-size: 18px;\">AMBJENT SHLODH\u00cbS<\/span>[\/vc_column_text][vc_empty_space height=&#8221;40px&#8221;][vc_custom_heading text=&#8221;Veranda&#8221; font_container=&#8221;tag:h2|font_size:38px|text_align:left&#8221; google_fonts=&#8221;font_family:Libre%20Baskerville%3Aregular%2Citalic%2C700|font_style:700%20bold%20regular%3A700%3Anormal&#8221;][vc_row_inner][vc_column_inner width=&#8221;1\/2&#8243;][vc_column_text]<\/p>\n<p style=\"text-align: justify;\">Por nuk mjaftohemi me kaq. N\u00eb hotel ju mir\u00ebpret edhe nj\u00eb ambjent tjet\u00ebr akoma edhe m\u00eb shlodh\u00ebs. N\u00eb verand\u00eb do t\u00eb mund t\u00eb pushoni dhe kaloni nj\u00eb pasdite t\u00eb k\u00ebndshme me famljar\u00ebt apo miqt\u00eb tuaj, n\u00ebn ajrin e fresk\u00ebt dhe qet\u00ebsin\u00eb q\u00eb ju fal natyra.<\/p>\n<p>[\/vc_column_text][\/vc_column_inner][vc_column_inner width=&#8221;1\/2&#8243;][\/vc_column_inner][\/vc_row_inner][\/vc_column][\/vc_row]<\/p>\n<\/div>","protected":false},"excerpt":{"rendered":"<p>[vc_row full_width=&#8221;stretch_row_content_no_spaces&#8221; css=&#8221;.vc_custom_1532342966725{margin-top: -70px !important;background-color: #f2f2f2 !important;}&#8221;][vc_column width=&#8221;1\/2&#8243; css=&#8221;.vc_custom_1532343006422{background-image: url(https:\/\/hotelglow.al\/wp-content\/uploads\/2018\/07\/bar.jpg?id=392) !important;}&#8221; offset=&#8221;vc_hidden-xs&#8221;][vc_empty_space height=&#8221;550px&#8221;][\/vc_column][vc_column width=&#8221;1\/2&#8243; css=&#8221;.vc_custom_1532343010251{margin-left: 70px !important;}&#8221; offset=&#8221;vc_hidden-xs&#8221;][vc_empty_space height=&#8221;40px&#8221;][vc_column_text]01 RELAKS DHE SHIJE[\/vc_column_text][vc_empty_space height=&#8221;40px&#8221;][vc_custom_heading text=&#8221;Bar&#8221; font_container=&#8221;tag:h2|font_size:38px|text_align:left&#8221; google_fonts=&#8221;font_family:Libre%20Baskerville%3Aregular%2Citalic%2C700|font_style:700%20bold%20regular%3A700%3Anormal&#8221;][vc_row_inner][vc_column_inner width=&#8221;1\/2&#8243;][vc_column_text] N\u00eb ambjentet e Hotel Glow do t\u00eb keni mundesi t\u00eb gjeni edhe barin, p\u00ebr t\u00eb shijuar nj\u00eb pije me miqt\u00eb apo familjar\u00ebt tuaj. Shum\u00ebllojshm\u00ebri zgjedhjeje, sh\u00ebrbim i shpejt\u00eb&hellip;<\/p>\n","protected":false},"author":2,"featured_media":0,"parent":0,"menu_order":0,"comment_status":"closed","ping_status":"closed","template":"","meta":{"footnotes":""},"class_list":["post-492","page","type-page","status-publish","hentry","description-off"],"_links":{"self":[{"href":"https:\/\/hotelglow.al\/index.php\/wp-json\/wp\/v2\/pages\/492","targetHints":{"allow":["GET"]}}],"collection":[{"href":"https:\/\/hotelglow.al\/index.php\/wp-json\/wp\/v2\/pages"}],"about":[{"href":"https:\/\/hotelglow.al\/index.php\/wp-json\/wp\/v2\/types\/page"}],"author":[{"embeddable":true,"href":"https:\/\/hotelglow.al\/index.php\/wp-json\/wp\/v2\/users\/2"}],"replies":[{"embeddable":true,"href":"https:\/\/hotelglow.al\/index.php\/wp-json\/wp\/v2\/comments?post=492"}],"version-history":[{"count":6,"href":"https:\/\/hotelglow.al\/index.php\/wp-json\/wp\/v2\/pages\/492\/revisions"}],"predecessor-version":[{"id":1248,"href":"https:\/\/hotelglow.al\/index.php\/wp-json\/wp\/v2\/pages\/492\/revisions\/1248"}],"wp:attachment":[{"href":"https:\/\/hotelglow.al\/index.php\/wp-json\/wp\/v2\/media?parent=492"}],"curies":[{"name":"wp","href":"https:\/\/api.w.org\/{rel}","templated":true}]}}