{"id":804,"date":"2018-07-20T13:47:35","date_gmt":"2018-07-20T13:47:35","guid":{"rendered":"https:\/\/hotelglow.al\/index.php\/junior-suite-with-balcony-and-sea-view\/"},"modified":"2025-06-10T13:10:15","modified_gmt":"2025-06-10T13:10:15","slug":"junior-suite-with-balcony-and-sea-view","status":"publish","type":"page","link":"https:\/\/hotelglow.al\/index.php\/junior-suite-with-balcony-and-sea-view\/?lang=sq","title":{"rendered":"Suite Junior me ballkon dhe pamje nga deti"},"content":{"rendered":"<div class=\"wpb-content-wrapper\"><p>[vc_row css=&#8221;.vc_custom_1526631526498{margin-bottom: -70px !important;}&#8221;][vc_column width=&#8221;2\/3&#8243;][vc_single_image image=&#8221;1148&#8243; img_size=&#8221;full&#8221; alignment=&#8221;center&#8221; style=&#8221;vc_box_outline&#8221; border_color=&#8221;chino&#8221; onclick=&#8221;link_image&#8221; image_hovers=&#8221;false&#8221;][vc_row_inner][vc_column_inner]<div id=\"ult-carousel-186630311169d5708638ecb\" class=\"ult-carousel-wrapper   ult_horizontal\" data-gutter=\"15\" data-rtl=\"false\" ><div class=\"ult-carousel-177491586969d5708638dbd \" >[vc_single_image image=&#8221;1150&#8243; img_size=&#8221;full&#8221; alignment=&#8221;center&#8221; onclick=&#8221;link_image&#8221; image_hovers=&#8221;false&#8221;][vc_single_image image=&#8221;1152&#8243; img_size=&#8221;full&#8221; alignment=&#8221;center&#8221; onclick=&#8221;link_image&#8221; image_hovers=&#8221;false&#8221;][vc_single_image image=&#8221;1154&#8243; img_size=&#8221;full&#8221; alignment=&#8221;center&#8221; onclick=&#8221;link_image&#8221; image_hovers=&#8221;false&#8221;][vc_single_image image=&#8221;1158&#8243; img_size=&#8221;full&#8221; alignment=&#8221;center&#8221; onclick=&#8221;link_image&#8221; image_hovers=&#8221;false&#8221;][vc_single_image image=&#8221;1156&#8243; img_size=&#8221;full&#8221; alignment=&#8221;center&#8221; onclick=&#8221;link_image&#8221; image_hovers=&#8221;false&#8221;]<\/div><\/div>\t\t\t<script type=\"text\/javascript\">\n\t\t\t\tjQuery(document).ready(function ($) {\n\t\t\t\t\tif( typeof jQuery('.ult-carousel-177491586969d5708638dbd').slick == \"function\"){\n\t\t\t\t\t\t$('.ult-carousel-177491586969d5708638dbd').slick({dots: false,autoplay: true,autoplaySpeed: \"3000\",speed: \"3000\",infinite: true,arrows: true,nextArrow: '<button type=\"button\" role=\"button\" aria-label=\"Next\" style=\"color:#333333; font-size:20px;\" class=\"slick-next default\"><i class=\"ultsl-arrow-right4\"><\/i><\/button>',prevArrow: '<button type=\"button\" role=\"button\" aria-label=\"Previous\" style=\"color:#333333; font-size:20px;\" class=\"slick-prev default\"><i class=\"ultsl-arrow-left4\"><\/i><\/button>',slidesToScroll:4,slidesToShow:4,swipe: true,draggable: true,touchMove: true,pauseOnHover: true,pauseOnFocus: false,responsive: [\n\t\t\t\t\t\t\t{\n\t\t\t\t\t\t\t  breakpoint: 1026,\n\t\t\t\t\t\t\t  settings: {\n\t\t\t\t\t\t\t\tslidesToShow: 4,\n\t\t\t\t\t\t\t\tslidesToScroll: 4,  \n\t\t\t\t\t\t\t  }\n\t\t\t\t\t\t\t},\n\t\t\t\t\t\t\t{\n\t\t\t\t\t\t\t  breakpoint: 1025,\n\t\t\t\t\t\t\t  settings: {\n\t\t\t\t\t\t\t\tslidesToShow: 4,\n\t\t\t\t\t\t\t\tslidesToScroll: 4\n\t\t\t\t\t\t\t  }\n\t\t\t\t\t\t\t},\n\t\t\t\t\t\t\t{\n\t\t\t\t\t\t\t  breakpoint: 760,\n\t\t\t\t\t\t\t  settings: {\n\t\t\t\t\t\t\t\tslidesToShow: 2,\n\t\t\t\t\t\t\t\tslidesToScroll: 2\n\t\t\t\t\t\t\t  }\n\t\t\t\t\t\t\t}\n\t\t\t\t\t\t],pauseOnDotsHover: true,customPaging: function(slider, i) {\n                   return '<i type=\"button\" style= \"color:#333333;\" class=\"ultsl-record\" data-role=\"none\"><\/i>';\n                },});\n\t\t\t\t\t}\n\t\t\t\t});\n\t\t\t<\/script>\n\t\t\t[\/vc_column_inner][\/vc_row_inner][vc_custom_heading text=&#8221;Suite Junior&#8221; font_container=&#8221;tag:h2|font_size:25px|text_align:left&#8221; google_fonts=&#8221;font_family:Libre%20Baskerville%3Aregular%2Citalic%2C700|font_style:700%20bold%20regular%3A700%3Anormal&#8221; css=&#8221;.vc_custom_1532503528445{margin-top: -25px !important;}&#8221;][vc_column_text css=&#8221;.vc_custom_1532503760619{margin-top: -7px !important;}&#8221;]<strong>Me ballkon dhe pamje nga deti<\/strong><\/p>\n<p style=\"text-align: justify;\">Kjo dhom\u00eb p\u00ebrmban nj\u00eb krevat dopio si edhe nj\u00eb sofa bed dhe \u00ebsht\u00eb e p\u00ebrshtatshme p\u00ebr nj\u00eb familje. Dhoma ka pamje nga deti dhe t\u00eb gjitha leht\u00ebsirat e domosdoshme p\u00ebr t\u00eb kaluar pushime plot relaks dhe komoditet.<\/p>\n<p>[\/vc_column_text][\/vc_column][vc_column width=&#8221;1\/3&#8243; css=&#8221;.vc_custom_1526631025921{background-color: #f2f2f2 !important;}&#8221;][vc_custom_heading text=&#8221;Leht\u00ebsirat n\u00eb dhom\u00eb&#8221; font_container=&#8221;tag:h2|font_size:25px|text_align:left&#8221; google_fonts=&#8221;font_family:Libre%20Baskerville%3Aregular%2Citalic%2C700|font_style:700%20bold%20regular%3A700%3Anormal&#8221; css=&#8221;.vc_custom_1532503518648{margin-top: -15px !important;padding-left: 35px !important;}&#8221;][vc_row_inner css=&#8221;.vc_custom_1526630545975{margin-bottom: -35px !important;padding-bottom: -35px !important;}&#8221;][vc_column_inner width=&#8221;1\/12&#8243;][\/vc_column_inner][vc_column_inner width=&#8221;11\/12&#8243;]<div class=\"aio-icon-component    style_1\"><div id=\"Info-box-wrap-5145\" class=\"aio-icon-box left-icon\" style=\"\"  ><div class=\"aio-icon-left\"><div class=\"ult-just-icon-wrapper  \"><div class=\"align-icon\" style=\"text-align:center;\">\n<div class=\"aio-icon-img \" style=\"font-size:35px;background:#ffffff;border-style:solid;border-color:#ffbf00;border-width:2px;padding:10px;border-radius:50px;display:inline-block;\" data-animation=\"fadeInLeft\" data-animation-delay=\"03\">\n\t<img decoding=\"async\" class=\"img-icon\" alt=\"null\" src=\"https:\/\/hotelglow.al\/wp-content\/uploads\/2018\/05\/covered-food-tray-on-a-hand-of-hotel-room-service.png\"\/>\n<\/div><\/div><\/div><\/div><div class=\"aio-ibd-block\"><div class=\"aio-icon-header\" ><h3 class=\"aio-icon-title ult-responsive\"  data-ultimate-target='#Info-box-wrap-5145 .aio-icon-title'  data-responsive-json-new='{\"font-size\":\"\",\"line-height\":\"\"}'  style=\"\">Sherbim dhome<\/h3><\/div> <!-- header --><\/div> <!-- aio-ibd-block --><\/div> <!-- aio-icon-box --><\/div> <!-- aio-icon-component --><div class=\"aio-icon-component  vc_custom_1526630047552   style_1\"><div id=\"Info-box-wrap-2851\" class=\"aio-icon-box left-icon\" style=\"\"  ><div class=\"aio-icon-left\"><div class=\"ult-just-icon-wrapper  \"><div class=\"align-icon\" style=\"text-align:center;\">\n<div class=\"aio-icon-img \" style=\"font-size:35px;background:#ffffff;border-style:solid;border-color:#ffbf00;border-width:2px;padding:10px;border-radius:50px;display:inline-block;\" data-animation=\"fadeInLeft\" data-animation-delay=\"03\">\n\t<img decoding=\"async\" class=\"img-icon\" alt=\"null\" src=\"https:\/\/hotelglow.al\/wp-content\/uploads\/2018\/05\/minibar-1.png\"\/>\n<\/div><\/div><\/div><\/div><div class=\"aio-ibd-block\"><div class=\"aio-icon-header\" ><h3 class=\"aio-icon-title ult-responsive\"  data-ultimate-target='#Info-box-wrap-2851 .aio-icon-title'  data-responsive-json-new='{\"font-size\":\"\",\"line-height\":\"\"}'  style=\"\">Minibar<\/h3><\/div> <!-- header --><\/div> <!-- aio-ibd-block --><\/div> <!-- aio-icon-box --><\/div> <!-- aio-icon-component --><div class=\"aio-icon-component  vc_custom_1526630309096   style_1\"><div id=\"Info-box-wrap-7899\" class=\"aio-icon-box left-icon\" style=\"\"  ><div class=\"aio-icon-left\"><div class=\"ult-just-icon-wrapper  \"><div class=\"align-icon\" style=\"text-align:center;\">\n<div class=\"aio-icon-img \" style=\"font-size:35px;background:#ffffff;border-style:solid;border-color:#ffbf00;border-width:2px;padding:10px;border-radius:50px;display:inline-block;\" data-animation=\"fadeInLeft\" data-animation-delay=\"03\">\n\t<img decoding=\"async\" class=\"img-icon\" alt=\"null\" src=\"https:\/\/hotelglow.al\/wp-content\/uploads\/2018\/05\/wardrobe.png\"\/>\n<\/div><\/div><\/div><\/div><div class=\"aio-ibd-block\"><div class=\"aio-icon-header\" ><h3 class=\"aio-icon-title ult-responsive\"  data-ultimate-target='#Info-box-wrap-7899 .aio-icon-title'  data-responsive-json-new='{\"font-size\":\"\",\"line-height\":\"\"}'  style=\"\">Garderobe<\/h3><\/div> <!-- header --><\/div> <!-- aio-ibd-block --><\/div> <!-- aio-icon-box --><\/div> <!-- aio-icon-component --><div class=\"aio-icon-component  vc_custom_1526630102071   style_1\"><div id=\"Info-box-wrap-7549\" class=\"aio-icon-box left-icon\" style=\"\"  ><div class=\"aio-icon-left\"><div class=\"ult-just-icon-wrapper  \"><div class=\"align-icon\" style=\"text-align:center;\">\n<div class=\"aio-icon-img \" style=\"font-size:35px;background:#ffffff;border-style:solid;border-color:#ffbf00;border-width:2px;padding:10px;border-radius:50px;display:inline-block;\" data-animation=\"fadeInLeft\" data-animation-delay=\"03\">\n\t<img decoding=\"async\" class=\"img-icon\" alt=\"null\" src=\"https:\/\/hotelglow.al\/wp-content\/uploads\/2018\/05\/television.png\"\/>\n<\/div><\/div><\/div><\/div><div class=\"aio-ibd-block\"><div class=\"aio-icon-header\" ><h3 class=\"aio-icon-title ult-responsive\"  data-ultimate-target='#Info-box-wrap-7549 .aio-icon-title'  data-responsive-json-new='{\"font-size\":\"\",\"line-height\":\"\"}'  style=\"\">TV plazma<\/h3><\/div> <!-- header --><\/div> <!-- aio-ibd-block --><\/div> <!-- aio-icon-box --><\/div> <!-- aio-icon-component --><div class=\"aio-icon-component  vc_custom_1526630218583   style_1\"><div id=\"Info-box-wrap-8725\" class=\"aio-icon-box left-icon\" style=\"\"  ><div class=\"aio-icon-left\"><div class=\"ult-just-icon-wrapper  \"><div class=\"align-icon\" style=\"text-align:center;\">\n<div class=\"aio-icon-img \" style=\"font-size:35px;background:#ffffff;border-style:solid;border-color:#ffbf00;border-width:2px;padding:10px;border-radius:50px;display:inline-block;\" data-animation=\"fadeInLeft\" data-animation-delay=\"03\">\n\t<img decoding=\"async\" class=\"img-icon\" alt=\"null\" src=\"https:\/\/hotelglow.al\/wp-content\/uploads\/2018\/05\/minisplit-2.png\"\/>\n<\/div><\/div><\/div><\/div><div class=\"aio-ibd-block\"><div class=\"aio-icon-header\" ><h3 class=\"aio-icon-title ult-responsive\"  data-ultimate-target='#Info-box-wrap-8725 .aio-icon-title'  data-responsive-json-new='{\"font-size\":\"\",\"line-height\":\"\"}'  style=\"\">Kondicioner<\/h3><\/div> <!-- header --><\/div> <!-- aio-ibd-block --><\/div> <!-- aio-icon-box --><\/div> <!-- aio-icon-component --><div class=\"aio-icon-component  vc_custom_1526630143163   style_1\"><div id=\"Info-box-wrap-4162\" class=\"aio-icon-box left-icon\" style=\"\"  ><div class=\"aio-icon-left\"><div class=\"ult-just-icon-wrapper  \"><div class=\"align-icon\" style=\"text-align:center;\">\n<div class=\"aio-icon-img \" style=\"font-size:35px;background:#ffffff;border-style:solid;border-color:#ffbf00;border-width:2px;padding:10px;border-radius:50px;display:inline-block;\" data-animation=\"fadeInLeft\" data-animation-delay=\"03\">\n\t<img decoding=\"async\" class=\"img-icon\" alt=\"null\" src=\"https:\/\/hotelglow.al\/wp-content\/uploads\/2018\/05\/bathtub.png\"\/>\n<\/div><\/div><\/div><\/div><div class=\"aio-ibd-block\"><div class=\"aio-icon-header\" ><h3 class=\"aio-icon-title ult-responsive\"  data-ultimate-target='#Info-box-wrap-4162 .aio-icon-title'  data-responsive-json-new='{\"font-size\":\"\",\"line-height\":\"\"}'  style=\"\">Tualet<\/h3><\/div> <!-- header --><\/div> <!-- aio-ibd-block --><\/div> <!-- aio-icon-box --><\/div> <!-- aio-icon-component -->[\/vc_column_inner][\/vc_row_inner][vc_row_inner][vc_column_inner css=&#8221;.vc_custom_1526630921878{background-color: #ffbf00 !important;}&#8221;][vc_empty_space height=&#8221;38px&#8221;][vc_custom_heading text=&#8221;Rezervo Tani&#8221; font_container=&#8221;tag:h2|font_size:25px|text_align:center&#8221; google_fonts=&#8221;font_family:Libre%20Baskerville%3Aregular%2Citalic%2C700|font_style:700%20bold%20regular%3A700%3Anormal&#8221;][vc_empty_space height=&#8221;10px&#8221;][vc_custom_heading text=&#8221;Qendrimin Tend&#8221; font_container=&#8221;tag:h2|font_size:25px|text_align:center&#8221; google_fonts=&#8221;font_family:Libre%20Baskerville%3Aregular%2Citalic%2C700|font_style:700%20bold%20regular%3A700%3Anormal&#8221; css=&#8221;.vc_custom_1526631253753{margin-top: -20px !important;}&#8221;][vc_empty_space height=&#8221;38px&#8221;][vc_btn title=&#8221;REZERVO TANI&#8221; style=&#8221;outline-custom&#8221; outline_custom_color=&#8221;#444444&#8243; outline_custom_hover_background=&#8221;#444444&#8243; outline_custom_hover_text=&#8221;#ffffff&#8221; shape=&#8221;square&#8221; align=&#8221;center&#8221; css=&#8221;&#8221; link=&#8221;url:https%3A%2F%2Fglow.reservation.expert%2F&#8221;][vc_empty_space height=&#8221;38px&#8221;][\/vc_column_inner][\/vc_row_inner][\/vc_column][\/vc_row]<\/p>\n<\/div>","protected":false},"excerpt":{"rendered":"<p>[vc_row css=&#8221;.vc_custom_1526631526498{margin-bottom: -70px !important;}&#8221;][vc_column width=&#8221;2\/3&#8243;][vc_single_image image=&#8221;1148&#8243; img_size=&#8221;full&#8221; alignment=&#8221;center&#8221; style=&#8221;vc_box_outline&#8221; border_color=&#8221;chino&#8221; onclick=&#8221;link_image&#8221; image_hovers=&#8221;false&#8221;][vc_row_inner][vc_column_inner][\/vc_column_inner][\/vc_row_inner][vc_custom_heading text=&#8221;Suite Junior&#8221; font_container=&#8221;tag:h2|font_size:25px|text_align:left&#8221; google_fonts=&#8221;font_family:Libre%20Baskerville%3Aregular%2Citalic%2C700|font_style:700%20bold%20regular%3A700%3Anormal&#8221; css=&#8221;.vc_custom_1532503528445{margin-top: -25px !important;}&#8221;][vc_column_text css=&#8221;.vc_custom_1532503760619{margin-top: -7px !important;}&#8221;]Me ballkon dhe pamje nga deti Kjo dhom\u00eb p\u00ebrmban nj\u00eb krevat dopio si edhe nj\u00eb sofa bed dhe \u00ebsht\u00eb e p\u00ebrshtatshme p\u00ebr nj\u00eb familje. Dhoma ka pamje nga deti dhe t\u00eb gjitha leht\u00ebsirat e&hellip;<\/p>\n","protected":false},"author":2,"featured_media":0,"parent":0,"menu_order":0,"comment_status":"closed","ping_status":"closed","template":"","meta":{"footnotes":""},"class_list":["post-804","page","type-page","status-publish","hentry","description-off"],"_links":{"self":[{"href":"https:\/\/hotelglow.al\/index.php\/wp-json\/wp\/v2\/pages\/804","targetHints":{"allow":["GET"]}}],"collection":[{"href":"https:\/\/hotelglow.al\/index.php\/wp-json\/wp\/v2\/pages"}],"about":[{"href":"https:\/\/hotelglow.al\/index.php\/wp-json\/wp\/v2\/types\/page"}],"author":[{"embeddable":true,"href":"https:\/\/hotelglow.al\/index.php\/wp-json\/wp\/v2\/users\/2"}],"replies":[{"embeddable":true,"href":"https:\/\/hotelglow.al\/index.php\/wp-json\/wp\/v2\/comments?post=804"}],"version-history":[{"count":5,"href":"https:\/\/hotelglow.al\/index.php\/wp-json\/wp\/v2\/pages\/804\/revisions"}],"predecessor-version":[{"id":1378,"href":"https:\/\/hotelglow.al\/index.php\/wp-json\/wp\/v2\/pages\/804\/revisions\/1378"}],"wp:attachment":[{"href":"https:\/\/hotelglow.al\/index.php\/wp-json\/wp\/v2\/media?parent=804"}],"curies":[{"name":"wp","href":"https:\/\/api.w.org\/{rel}","templated":true}]}}